{"id":7392,"date":"2021-01-11T11:26:37","date_gmt":"2021-01-11T10:26:37","guid":{"rendered":"https:\/\/www.hansemuseum.eu\/digitalprogramme\/"},"modified":"2025-03-19T17:53:18","modified_gmt":"2025-03-19T16:53:18","slug":"digitalprogramme","status":"publish","type":"page","link":"https:\/\/www.hansemuseum.eu\/en\/digitalprogramme\/","title":{"rendered":"Digital programme"},"content":{"rendered":"\t\t<div data-elementor-type=\"wp-page\" data-elementor-id=\"7392\" class=\"elementor elementor-7392\">\n\t\t\t\t\t\t<section class=\"elementor-section elementor-top-section elementor-element elementor-element-5d5db40 elementor-section-height-full elementor-section-items-bottom elementor-section-boxed elementor-section-height-default\" data-id=\"5d5db40\" data-element_type=\"section\" data-e-type=\"section\" id=\"headerbild\" data-settings=\"{&quot;background_background&quot;:&quot;classic&quot;,&quot;jet_parallax_layout_list&quot;:[{&quot;jet_parallax_layout_type&quot;:&quot;none&quot;,&quot;jet_parallax_layout_bg_x&quot;:0,&quot;jet_parallax_layout_bg_y&quot;:0,&quot;jet_parallax_layout_bg_size&quot;:&quot;contain&quot;,&quot;_id&quot;:&quot;29064e0&quot;,&quot;jet_parallax_layout_image&quot;:{&quot;url&quot;:&quot;&quot;,&quot;id&quot;:&quot;&quot;,&quot;size&quot;:&quot;&quot;},&quot;jet_parallax_layout_image_tablet&quot;:{&quot;url&quot;:&quot;&quot;,&quot;id&quot;:&quot;&quot;,&quot;size&quot;:&quot;&quot;},&quot;jet_parallax_layout_image_mobile&quot;:{&quot;url&quot;:&quot;&quot;,&quot;id&quot;:&quot;&quot;,&quot;size&quot;:&quot;&quot;},&quot;jet_parallax_layout_speed&quot;:{&quot;unit&quot;:&quot;%&quot;,&quot;size&quot;:50,&quot;sizes&quot;:[]},&quot;jet_parallax_layout_direction&quot;:null,&quot;jet_parallax_layout_fx_direction&quot;:null,&quot;jet_parallax_layout_z_index&quot;:&quot;&quot;,&quot;jet_parallax_layout_bg_x_tablet&quot;:&quot;&quot;,&quot;jet_parallax_layout_bg_x_mobile&quot;:&quot;&quot;,&quot;jet_parallax_layout_bg_y_tablet&quot;:&quot;&quot;,&quot;jet_parallax_layout_bg_y_mobile&quot;:&quot;&quot;,&quot;jet_parallax_layout_bg_size_tablet&quot;:&quot;&quot;,&quot;jet_parallax_layout_bg_size_mobile&quot;:&quot;&quot;,&quot;jet_parallax_layout_animation_prop&quot;:null,&quot;jet_parallax_layout_on&quot;:[&quot;desktop&quot;,&quot;tablet&quot;]}]}\">\n\t\t\t\t\t\t\t<div class=\"elementor-background-overlay\"><\/div>\n\t\t\t\t\t\t\t<div class=\"elementor-container elementor-column-gap-no\">\n\t\t\t\t\t<div class=\"elementor-column elementor-col-50 elementor-top-column elementor-element elementor-element-92d74af\" data-id=\"92d74af\" data-element_type=\"column\" data-e-type=\"column\">\n\t\t\t<div class=\"elementor-widget-wrap elementor-element-populated\">\n\t\t\t\t\t\t<div class=\"elementor-element elementor-element-3d99c5e elementor-widget elementor-widget-text-editor\" data-id=\"3d99c5e\" data-element_type=\"widget\" data-e-type=\"widget\" data-widget_type=\"text-editor.default\">\n\t\t\t\t<div class=\"elementor-widget-container\">\n\t\t\t\t\t\t\t\t\t<h4>Digital offers<\/h4>\n<h1>#HansemuseumDigital<\/h1>\n<h3><br><\/h3>\n<p><\/p>\t\t\t\t\t\t\t\t<\/div>\n\t\t\t\t<\/div>\n\t\t\t\t\t<\/div>\n\t\t<\/div>\n\t\t\t\t<div class=\"elementor-column elementor-col-50 elementor-top-column elementor-element elementor-element-2eeedd5\" data-id=\"2eeedd5\" data-element_type=\"column\" data-e-type=\"column\">\n\t\t\t<div class=\"elementor-widget-wrap\">\n\t\t\t\t\t\t\t<\/div>\n\t\t<\/div>\n\t\t\t\t\t<\/div>\n\t\t<\/section>\n\t\t\t\t<section class=\"elementor-section elementor-top-section elementor-element elementor-element-aa1291f elementor-section-boxed elementor-section-height-default elementor-section-height-default\" data-id=\"aa1291f\" data-element_type=\"section\" data-e-type=\"section\" data-settings=\"{&quot;jet_parallax_layout_list&quot;:[{&quot;jet_parallax_layout_image&quot;:{&quot;url&quot;:&quot;&quot;,&quot;id&quot;:&quot;&quot;,&quot;size&quot;:&quot;&quot;},&quot;_id&quot;:&quot;06ffecb&quot;,&quot;jet_parallax_layout_image_tablet&quot;:{&quot;url&quot;:&quot;&quot;,&quot;id&quot;:&quot;&quot;,&quot;size&quot;:&quot;&quot;},&quot;jet_parallax_layout_image_mobile&quot;:{&quot;url&quot;:&quot;&quot;,&quot;id&quot;:&quot;&quot;,&quot;size&quot;:&quot;&quot;},&quot;jet_parallax_layout_speed&quot;:{&quot;unit&quot;:&quot;%&quot;,&quot;size&quot;:50,&quot;sizes&quot;:[]},&quot;jet_parallax_layout_type&quot;:&quot;scroll&quot;,&quot;jet_parallax_layout_direction&quot;:&quot;1&quot;,&quot;jet_parallax_layout_fx_direction&quot;:null,&quot;jet_parallax_layout_z_index&quot;:&quot;&quot;,&quot;jet_parallax_layout_bg_x&quot;:50,&quot;jet_parallax_layout_bg_x_tablet&quot;:&quot;&quot;,&quot;jet_parallax_layout_bg_x_mobile&quot;:&quot;&quot;,&quot;jet_parallax_layout_bg_y&quot;:50,&quot;jet_parallax_layout_bg_y_tablet&quot;:&quot;&quot;,&quot;jet_parallax_layout_bg_y_mobile&quot;:&quot;&quot;,&quot;jet_parallax_layout_bg_size&quot;:&quot;auto&quot;,&quot;jet_parallax_layout_bg_size_tablet&quot;:&quot;&quot;,&quot;jet_parallax_layout_bg_size_mobile&quot;:&quot;&quot;,&quot;jet_parallax_layout_animation_prop&quot;:&quot;transform&quot;,&quot;jet_parallax_layout_on&quot;:[&quot;desktop&quot;,&quot;tablet&quot;]}]}\">\n\t\t\t\t\t\t<div class=\"elementor-container elementor-column-gap-default\">\n\t\t\t\t\t<div class=\"elementor-column elementor-col-100 elementor-top-column elementor-element elementor-element-cddb8c0\" data-id=\"cddb8c0\" data-element_type=\"column\" data-e-type=\"column\">\n\t\t\t<div class=\"elementor-widget-wrap elementor-element-populated\">\n\t\t\t\t\t\t<div class=\"elementor-element elementor-element-a9b773a elementor-widget-divider--view-line elementor-widget elementor-widget-divider\" data-id=\"a9b773a\" data-element_type=\"widget\" data-e-type=\"widget\" data-widget_type=\"divider.default\">\n\t\t\t\t<div class=\"elementor-widget-container\">\n\t\t\t\t\t\t\t<div class=\"elementor-divider\">\n\t\t\t<span class=\"elementor-divider-separator\">\n\t\t\t\t\t\t<\/span>\n\t\t<\/div>\n\t\t\t\t\t\t<\/div>\n\t\t\t\t<\/div>\n\t\t\t\t\t<\/div>\n\t\t<\/div>\n\t\t\t\t\t<\/div>\n\t\t<\/section>\n\t\t\t\t<section class=\"elementor-section elementor-top-section elementor-element elementor-element-769965a elementor-section-boxed elementor-section-height-default elementor-section-height-default\" data-id=\"769965a\" data-element_type=\"section\" data-e-type=\"section\" data-settings=\"{&quot;jet_parallax_layout_list&quot;:[{&quot;jet_parallax_layout_image&quot;:{&quot;url&quot;:&quot;&quot;,&quot;id&quot;:&quot;&quot;,&quot;size&quot;:&quot;&quot;},&quot;_id&quot;:&quot;06ffecb&quot;,&quot;jet_parallax_layout_image_tablet&quot;:{&quot;url&quot;:&quot;&quot;,&quot;id&quot;:&quot;&quot;,&quot;size&quot;:&quot;&quot;},&quot;jet_parallax_layout_image_mobile&quot;:{&quot;url&quot;:&quot;&quot;,&quot;id&quot;:&quot;&quot;,&quot;size&quot;:&quot;&quot;},&quot;jet_parallax_layout_speed&quot;:{&quot;unit&quot;:&quot;%&quot;,&quot;size&quot;:50,&quot;sizes&quot;:[]},&quot;jet_parallax_layout_type&quot;:&quot;scroll&quot;,&quot;jet_parallax_layout_direction&quot;:&quot;1&quot;,&quot;jet_parallax_layout_fx_direction&quot;:null,&quot;jet_parallax_layout_z_index&quot;:&quot;&quot;,&quot;jet_parallax_layout_bg_x&quot;:50,&quot;jet_parallax_layout_bg_x_tablet&quot;:&quot;&quot;,&quot;jet_parallax_layout_bg_x_mobile&quot;:&quot;&quot;,&quot;jet_parallax_layout_bg_y&quot;:50,&quot;jet_parallax_layout_bg_y_tablet&quot;:&quot;&quot;,&quot;jet_parallax_layout_bg_y_mobile&quot;:&quot;&quot;,&quot;jet_parallax_layout_bg_size&quot;:&quot;auto&quot;,&quot;jet_parallax_layout_bg_size_tablet&quot;:&quot;&quot;,&quot;jet_parallax_layout_bg_size_mobile&quot;:&quot;&quot;,&quot;jet_parallax_layout_animation_prop&quot;:&quot;transform&quot;,&quot;jet_parallax_layout_on&quot;:[&quot;desktop&quot;,&quot;tablet&quot;]}]}\">\n\t\t\t\t\t\t<div class=\"elementor-container elementor-column-gap-default\">\n\t\t\t\t\t<div class=\"elementor-column elementor-col-33 elementor-top-column elementor-element elementor-element-38ed719\" data-id=\"38ed719\" data-element_type=\"column\" data-e-type=\"column\">\n\t\t\t<div class=\"elementor-widget-wrap elementor-element-populated\">\n\t\t\t\t\t\t<div class=\"elementor-element elementor-element-9a7dc20 elementor-widget elementor-widget-image\" data-id=\"9a7dc20\" data-element_type=\"widget\" data-e-type=\"widget\" data-widget_type=\"image.default\">\n\t\t\t\t<div class=\"elementor-widget-container\">\n\t\t\t\t\t\t\t\t\t\t\t\t\t\t\t<img fetchpriority=\"high\" decoding=\"async\" width=\"1024\" height=\"682\" src=\"https:\/\/www.hansemuseum.eu\/wp-content\/uploads\/2020\/05\/EHM_Raum-Bergen_\u00a9-Olaf-Malzahn-1-1-1024x682.jpg\" class=\"attachment-large size-large wp-image-2267\" alt=\"\" srcset=\"https:\/\/www.hansemuseum.eu\/wp-content\/uploads\/2020\/05\/EHM_Raum-Bergen_\u00a9-Olaf-Malzahn-1-1-1024x682.jpg 1024w, https:\/\/www.hansemuseum.eu\/wp-content\/uploads\/2020\/05\/EHM_Raum-Bergen_\u00a9-Olaf-Malzahn-1-1-300x200.jpg 300w, https:\/\/www.hansemuseum.eu\/wp-content\/uploads\/2020\/05\/EHM_Raum-Bergen_\u00a9-Olaf-Malzahn-1-1-768x511.jpg 768w, https:\/\/www.hansemuseum.eu\/wp-content\/uploads\/2020\/05\/EHM_Raum-Bergen_\u00a9-Olaf-Malzahn-1-1-391x260.jpg 391w, https:\/\/www.hansemuseum.eu\/wp-content\/uploads\/2020\/05\/EHM_Raum-Bergen_\u00a9-Olaf-Malzahn-1-1.jpg 1232w\" sizes=\"(max-width: 1024px) 100vw, 1024px\" \/>\t\t\t\t\t\t\t\t\t\t\t\t\t\t\t<\/div>\n\t\t\t\t<\/div>\n\t\t\t\t\t<\/div>\n\t\t<\/div>\n\t\t\t\t<div class=\"elementor-column elementor-col-33 elementor-top-column elementor-element elementor-element-e92ed3a\" data-id=\"e92ed3a\" data-element_type=\"column\" data-e-type=\"column\">\n\t\t\t<div class=\"elementor-widget-wrap\">\n\t\t\t\t\t\t\t<\/div>\n\t\t<\/div>\n\t\t\t\t<div class=\"elementor-column elementor-col-33 elementor-top-column elementor-element elementor-element-03b0d29\" data-id=\"03b0d29\" data-element_type=\"column\" data-e-type=\"column\">\n\t\t\t<div class=\"elementor-widget-wrap elementor-element-populated\">\n\t\t\t\t\t\t<div class=\"elementor-element elementor-element-6258f62 mono elementor-widget elementor-widget-heading\" data-id=\"6258f62\" data-element_type=\"widget\" data-e-type=\"widget\" data-widget_type=\"heading.default\">\n\t\t\t\t<div class=\"elementor-widget-container\">\n\t\t\t\t\t<h2 class=\"elementor-heading-title elementor-size-default\">Digital programme<\/h2>\t\t\t\t<\/div>\n\t\t\t\t<\/div>\n\t\t\t\t<div class=\"elementor-element elementor-element-dfa7e39 elementor-widget elementor-widget-accordion\" data-id=\"dfa7e39\" data-element_type=\"widget\" data-e-type=\"widget\" data-widget_type=\"accordion.default\">\n\t\t\t\t<div class=\"elementor-widget-container\">\n\t\t\t\t\t\t\t<div class=\"elementor-accordion\">\n\t\t\t\t\t\t\t<div class=\"elementor-accordion-item\">\n\t\t\t\t\t<div id=\"elementor-tab-title-2341\" class=\"elementor-tab-title\" data-tab=\"1\" role=\"button\" aria-controls=\"elementor-tab-content-2341\" aria-expanded=\"false\">\n\t\t\t\t\t\t\t\t\t\t\t\t<a class=\"elementor-accordion-title\" tabindex=\"0\">Guided tour<\/a>\n\t\t\t\t\t<\/div>\n\t\t\t\t\t<div id=\"elementor-tab-content-2341\" class=\"elementor-tab-content elementor-clearfix\" data-tab=\"1\" role=\"region\" aria-labelledby=\"elementor-tab-title-2341\"><p>The German Hanse &#8211; <a href=\"https:\/\/youtu.be\/2do48hqnHcY\">guided tour through 500 years of history<\/a><\/p><p>Memory of the World &#8211; <a href=\"https:\/\/www.hansemuseum.eu\/records\/memory-of-the-world\/\" target=\"_blank\" rel=\"noopener\">the Hanse in UNESCO&#8217;s documentary heritage<\/a> (with English subtitles)<\/p><\/div>\n\t\t\t\t<\/div>\n\t\t\t\t\t\t\t<div class=\"elementor-accordion-item\">\n\t\t\t\t\t<div id=\"elementor-tab-title-2342\" class=\"elementor-tab-title\" data-tab=\"2\" role=\"button\" aria-controls=\"elementor-tab-content-2342\" aria-expanded=\"false\">\n\t\t\t\t\t\t\t\t\t\t\t\t<a class=\"elementor-accordion-title\" tabindex=\"0\">Virtual tours<\/a>\n\t\t\t\t\t<\/div>\n\t\t\t\t\t<div id=\"elementor-tab-content-2342\" class=\"elementor-tab-content elementor-clearfix\" data-tab=\"2\" role=\"region\" aria-labelledby=\"elementor-tab-title-2342\"><p>Virtual tour: <a href=\"https:\/\/3d-tour.linsenspektrum.de\/de\/tour\/ehm-burgkloster\" target=\"_blank\" rel=\"noopener\">Castle friary<\/a><\/p><p>Virtual tour: <a href=\"https:\/\/3d-tour.linsenspektrum.de\/tour\/5281236xxe\" target=\"_blank\" rel=\"noopener\">The vestry of the Castle friary<\/a><\/p><p>Virtual tour: <a href=\"https:\/\/3d-tour.linsenspektrum.de\/en\/tour\/ehm-guter-stoff-pro3\" target=\"_blank\" rel=\"noopener\">Good Stuff. Textile Worlds from the Hanse Era to the Present<\/a><\/p><p>Virtual tour: <a href=\"https:\/\/3d-tour.linsenspektrum.de\/tour\/d3tmfr6dr\" target=\"_blank\" rel=\"noopener\">HanseHeroes Stralsund<\/a><\/p><p>Virtual tour: <a href=\"https:\/\/3d-tour.linsenspektrum.de\/tour\/dhct92wntr\" target=\"_blank\" rel=\"noopener\">St\u00f6rtebeker &amp; Company &#8211; Pirates of the Hanse period?<\/a><\/p><\/div>\n\t\t\t\t<\/div>\n\t\t\t\t\t\t\t<div class=\"elementor-accordion-item\">\n\t\t\t\t\t<div id=\"elementor-tab-title-2343\" class=\"elementor-tab-title\" data-tab=\"3\" role=\"button\" aria-controls=\"elementor-tab-content-2343\" aria-expanded=\"false\">\n\t\t\t\t\t\t\t\t\t\t\t\t<a class=\"elementor-accordion-title\" tabindex=\"0\">Lectures\/documentaries<\/a>\n\t\t\t\t\t<\/div>\n\t\t\t\t\t<div id=\"elementor-tab-content-2343\" class=\"elementor-tab-content elementor-clearfix\" data-tab=\"3\" role=\"region\" aria-labelledby=\"elementor-tab-title-2343\"><p>David Abulafia: <a href=\"https:\/\/youtu.be\/UV51rAFqiLE\">L\u00fcbeck and the Hanseatic League<\/a><\/p><p>Chris Wilson (BBC): <a href=\"https:\/\/www.bbc.co.uk\/programmes\/m0006l6d\">The Hansa Inheritance<\/a><br \/><br \/><\/p><\/div>\n\t\t\t\t<\/div>\n\t\t\t\t\t\t\t<div class=\"elementor-accordion-item\">\n\t\t\t\t\t<div id=\"elementor-tab-title-2344\" class=\"elementor-tab-title\" data-tab=\"4\" role=\"button\" aria-controls=\"elementor-tab-content-2344\" aria-expanded=\"false\">\n\t\t\t\t\t\t\t\t\t\t\t\t<a class=\"elementor-accordion-title\" tabindex=\"0\">Our apps<\/a>\n\t\t\t\t\t<\/div>\n\t\t\t\t\t<div id=\"elementor-tab-content-2344\" class=\"elementor-tab-content elementor-clearfix\" data-tab=\"4\" role=\"region\" aria-labelledby=\"elementor-tab-title-2344\"><p>Digital escape room: <a href=\"https:\/\/www.hansemuseum.eu\/abenteuer-dielenhaus\/\" target=\"_blank\" rel=\"noopener\">Abenteuer Dielenhaus<\/a><\/p><p>Digital tour through the exhibition: <a href=\"https:\/\/www.hansemuseum.eu\/abenteuer-hanse\/\" target=\"_blank\" rel=\"noopener\">Abenteuer Hanse<\/a><\/p><\/div>\n\t\t\t\t<\/div>\n\t\t\t\t\t\t\t\t<\/div>\n\t\t\t\t\t\t<\/div>\n\t\t\t\t<\/div>\n\t\t\t\t\t<\/div>\n\t\t<\/div>\n\t\t\t\t\t<\/div>\n\t\t<\/section>\n\t\t\t\t<section class=\"elementor-section elementor-top-section elementor-element elementor-element-25c7065 elementor-section-boxed elementor-section-height-default elementor-section-height-default\" data-id=\"25c7065\" data-element_type=\"section\" data-e-type=\"section\" data-settings=\"{&quot;jet_parallax_layout_list&quot;:[{&quot;jet_parallax_layout_image&quot;:{&quot;url&quot;:&quot;&quot;,&quot;id&quot;:&quot;&quot;,&quot;size&quot;:&quot;&quot;},&quot;_id&quot;:&quot;06ffecb&quot;,&quot;jet_parallax_layout_image_tablet&quot;:{&quot;url&quot;:&quot;&quot;,&quot;id&quot;:&quot;&quot;,&quot;size&quot;:&quot;&quot;},&quot;jet_parallax_layout_image_mobile&quot;:{&quot;url&quot;:&quot;&quot;,&quot;id&quot;:&quot;&quot;,&quot;size&quot;:&quot;&quot;},&quot;jet_parallax_layout_speed&quot;:{&quot;unit&quot;:&quot;%&quot;,&quot;size&quot;:50,&quot;sizes&quot;:[]},&quot;jet_parallax_layout_type&quot;:&quot;scroll&quot;,&quot;jet_parallax_layout_direction&quot;:&quot;1&quot;,&quot;jet_parallax_layout_fx_direction&quot;:null,&quot;jet_parallax_layout_z_index&quot;:&quot;&quot;,&quot;jet_parallax_layout_bg_x&quot;:50,&quot;jet_parallax_layout_bg_x_tablet&quot;:&quot;&quot;,&quot;jet_parallax_layout_bg_x_mobile&quot;:&quot;&quot;,&quot;jet_parallax_layout_bg_y&quot;:50,&quot;jet_parallax_layout_bg_y_tablet&quot;:&quot;&quot;,&quot;jet_parallax_layout_bg_y_mobile&quot;:&quot;&quot;,&quot;jet_parallax_layout_bg_size&quot;:&quot;auto&quot;,&quot;jet_parallax_layout_bg_size_tablet&quot;:&quot;&quot;,&quot;jet_parallax_layout_bg_size_mobile&quot;:&quot;&quot;,&quot;jet_parallax_layout_animation_prop&quot;:&quot;transform&quot;,&quot;jet_parallax_layout_on&quot;:[&quot;desktop&quot;,&quot;tablet&quot;]}]}\">\n\t\t\t\t\t\t<div class=\"elementor-container elementor-column-gap-default\">\n\t\t\t\t\t<div class=\"elementor-column elementor-col-100 elementor-top-column elementor-element elementor-element-a0799ec\" data-id=\"a0799ec\" data-element_type=\"column\" data-e-type=\"column\">\n\t\t\t<div class=\"elementor-widget-wrap elementor-element-populated\">\n\t\t\t\t\t\t<div class=\"elementor-element elementor-element-74c41be elementor-widget-divider--view-line elementor-widget elementor-widget-divider\" data-id=\"74c41be\" data-element_type=\"widget\" data-e-type=\"widget\" data-widget_type=\"divider.default\">\n\t\t\t\t<div class=\"elementor-widget-container\">\n\t\t\t\t\t\t\t<div class=\"elementor-divider\">\n\t\t\t<span class=\"elementor-divider-separator\">\n\t\t\t\t\t\t<\/span>\n\t\t<\/div>\n\t\t\t\t\t\t<\/div>\n\t\t\t\t<\/div>\n\t\t\t\t\t<\/div>\n\t\t<\/div>\n\t\t\t\t\t<\/div>\n\t\t<\/section>\n\t\t\t\t<\/div>\n\t\t","protected":false},"excerpt":{"rendered":"<p>Digital offers #HansemuseumDigital Digital programme Guided tour The German Hanse \u2013 guided tour through 500 years of history Memory of the World \u2013 the Hanse &#8230;<br \/><a class=\"more-link\" href=\"https:\/\/www.hansemuseum.eu\/en\/digitalprogramme\/\">Read More<\/a><\/p>\n","protected":false},"author":2,"featured_media":0,"parent":0,"menu_order":78,"comment_status":"closed","ping_status":"closed","template":"","meta":{"_acf_changed":false,"_exactmetrics_skip_tracking":false,"_exactmetrics_sitenote_active":false,"_exactmetrics_sitenote_note":"","_exactmetrics_sitenote_category":0,"footnotes":""},"tags":[],"class_list":["post-7392","page","type-page","status-publish","hentry"],"acf":[],"yoast_head":"<!-- This site is optimized with the Yoast SEO plugin v27.4 - https:\/\/yoast.com\/product\/yoast-seo-wordpress\/ -->\n<title>Digital Programme of the European Hansemuseum<\/title>\n<meta name=\"description\" content=\"Many of the European Hansemuseum&#039;s offers, such as guided tours, lectures and workshops, can also be accessed digitally.\" \/>\n<meta name=\"robots\" content=\"index, follow, max-snippet:-1, max-image-preview:large, max-video-preview:-1\" \/>\n<link rel=\"canonical\" href=\"https:\/\/www.hansemuseum.eu\/en\/digitalprogramme\/\" \/>\n<meta property=\"og:locale\" content=\"en_US\" \/>\n<meta property=\"og:type\" content=\"article\" \/>\n<meta property=\"og:title\" content=\"Digital Programme of the European Hansemuseum\" \/>\n<meta property=\"og:description\" content=\"Many of the European Hansemuseum&#039;s offers, such as guided tours, lectures and workshops, can also be accessed digitally.\" \/>\n<meta property=\"og:url\" content=\"https:\/\/www.hansemuseum.eu\/en\/digitalprogramme\/\" \/>\n<meta property=\"og:site_name\" content=\"Europ\u00e4isches Hansemuseum\" \/>\n<meta property=\"article:publisher\" content=\"https:\/\/www.facebook.com\/hansemuseum\/\" \/>\n<meta property=\"article:modified_time\" content=\"2025-03-19T16:53:18+00:00\" \/>\n<meta name=\"twitter:card\" content=\"summary_large_image\" \/>\n<meta name=\"twitter:label1\" content=\"Est. reading time\" \/>\n\t<meta name=\"twitter:data1\" content=\"1 minute\" \/>\n<script type=\"application\/ld+json\" class=\"yoast-schema-graph\">{\"@context\":\"https:\\\/\\\/schema.org\",\"@graph\":[{\"@type\":\"WebPage\",\"@id\":\"https:\\\/\\\/www.hansemuseum.eu\\\/en\\\/digitalprogramme\\\/\",\"url\":\"https:\\\/\\\/www.hansemuseum.eu\\\/en\\\/digitalprogramme\\\/\",\"name\":\"Digital Programme of the European Hansemuseum\",\"isPartOf\":{\"@id\":\"https:\\\/\\\/www.hansemuseum.eu\\\/en\\\/#website\"},\"datePublished\":\"2021-01-11T10:26:37+00:00\",\"dateModified\":\"2025-03-19T16:53:18+00:00\",\"description\":\"Many of the European Hansemuseum's offers, such as guided tours, lectures and workshops, can also be accessed digitally.\",\"breadcrumb\":{\"@id\":\"https:\\\/\\\/www.hansemuseum.eu\\\/en\\\/digitalprogramme\\\/#breadcrumb\"},\"inLanguage\":\"en-US\",\"potentialAction\":[{\"@type\":\"ReadAction\",\"target\":[\"https:\\\/\\\/www.hansemuseum.eu\\\/en\\\/digitalprogramme\\\/\"]}]},{\"@type\":\"BreadcrumbList\",\"@id\":\"https:\\\/\\\/www.hansemuseum.eu\\\/en\\\/digitalprogramme\\\/#breadcrumb\",\"itemListElement\":[{\"@type\":\"ListItem\",\"position\":1,\"name\":\"Startseite\",\"item\":\"https:\\\/\\\/www.hansemuseum.eu\\\/en\\\/\"},{\"@type\":\"ListItem\",\"position\":2,\"name\":\"Digital programme\"}]},{\"@type\":\"WebSite\",\"@id\":\"https:\\\/\\\/www.hansemuseum.eu\\\/en\\\/#website\",\"url\":\"https:\\\/\\\/www.hansemuseum.eu\\\/en\\\/\",\"name\":\"Europ\u00e4isches Hansemuseum\",\"description\":\"Auf dieser Seite finden Sie Informationen zu Preisen, Sprachen, F\u00fchrungen und Barrierefreiheit im Europ\u00e4ischen Hansemuseum. Wir freuen uns auf Ihren Besuch.\",\"potentialAction\":[{\"@type\":\"SearchAction\",\"target\":{\"@type\":\"EntryPoint\",\"urlTemplate\":\"https:\\\/\\\/www.hansemuseum.eu\\\/en\\\/?s={search_term_string}\"},\"query-input\":{\"@type\":\"PropertyValueSpecification\",\"valueRequired\":true,\"valueName\":\"search_term_string\"}}],\"inLanguage\":\"en-US\"}]}<\/script>\n<!-- \/ Yoast SEO plugin. -->","yoast_head_json":{"title":"Digital Programme of the European Hansemuseum","description":"Many of the European Hansemuseum's offers, such as guided tours, lectures and workshops, can also be accessed digitally.","robots":{"index":"index","follow":"follow","max-snippet":"max-snippet:-1","max-image-preview":"max-image-preview:large","max-video-preview":"max-video-preview:-1"},"canonical":"https:\/\/www.hansemuseum.eu\/en\/digitalprogramme\/","og_locale":"en_US","og_type":"article","og_title":"Digital Programme of the European Hansemuseum","og_description":"Many of the European Hansemuseum's offers, such as guided tours, lectures and workshops, can also be accessed digitally.","og_url":"https:\/\/www.hansemuseum.eu\/en\/digitalprogramme\/","og_site_name":"Europ\u00e4isches Hansemuseum","article_publisher":"https:\/\/www.facebook.com\/hansemuseum\/","article_modified_time":"2025-03-19T16:53:18+00:00","twitter_card":"summary_large_image","twitter_misc":{"Est. reading time":"1 minute"},"schema":{"@context":"https:\/\/schema.org","@graph":[{"@type":"WebPage","@id":"https:\/\/www.hansemuseum.eu\/en\/digitalprogramme\/","url":"https:\/\/www.hansemuseum.eu\/en\/digitalprogramme\/","name":"Digital Programme of the European Hansemuseum","isPartOf":{"@id":"https:\/\/www.hansemuseum.eu\/en\/#website"},"datePublished":"2021-01-11T10:26:37+00:00","dateModified":"2025-03-19T16:53:18+00:00","description":"Many of the European Hansemuseum's offers, such as guided tours, lectures and workshops, can also be accessed digitally.","breadcrumb":{"@id":"https:\/\/www.hansemuseum.eu\/en\/digitalprogramme\/#breadcrumb"},"inLanguage":"en-US","potentialAction":[{"@type":"ReadAction","target":["https:\/\/www.hansemuseum.eu\/en\/digitalprogramme\/"]}]},{"@type":"BreadcrumbList","@id":"https:\/\/www.hansemuseum.eu\/en\/digitalprogramme\/#breadcrumb","itemListElement":[{"@type":"ListItem","position":1,"name":"Startseite","item":"https:\/\/www.hansemuseum.eu\/en\/"},{"@type":"ListItem","position":2,"name":"Digital programme"}]},{"@type":"WebSite","@id":"https:\/\/www.hansemuseum.eu\/en\/#website","url":"https:\/\/www.hansemuseum.eu\/en\/","name":"Europ\u00e4isches Hansemuseum","description":"Auf dieser Seite finden Sie Informationen zu Preisen, Sprachen, F\u00fchrungen und Barrierefreiheit im Europ\u00e4ischen Hansemuseum. Wir freuen uns auf Ihren Besuch.","potentialAction":[{"@type":"SearchAction","target":{"@type":"EntryPoint","urlTemplate":"https:\/\/www.hansemuseum.eu\/en\/?s={search_term_string}"},"query-input":{"@type":"PropertyValueSpecification","valueRequired":true,"valueName":"search_term_string"}}],"inLanguage":"en-US"}]}},"_links":{"self":[{"href":"https:\/\/www.hansemuseum.eu\/en\/wp-json\/wp\/v2\/pages\/7392","targetHints":{"allow":["GET"]}}],"collection":[{"href":"https:\/\/www.hansemuseum.eu\/en\/wp-json\/wp\/v2\/pages"}],"about":[{"href":"https:\/\/www.hansemuseum.eu\/en\/wp-json\/wp\/v2\/types\/page"}],"author":[{"embeddable":true,"href":"https:\/\/www.hansemuseum.eu\/en\/wp-json\/wp\/v2\/users\/2"}],"replies":[{"embeddable":true,"href":"https:\/\/www.hansemuseum.eu\/en\/wp-json\/wp\/v2\/comments?post=7392"}],"version-history":[{"count":0,"href":"https:\/\/www.hansemuseum.eu\/en\/wp-json\/wp\/v2\/pages\/7392\/revisions"}],"wp:attachment":[{"href":"https:\/\/www.hansemuseum.eu\/en\/wp-json\/wp\/v2\/media?parent=7392"}],"wp:term":[{"taxonomy":"post_tag","embeddable":true,"href":"https:\/\/www.hansemuseum.eu\/en\/wp-json\/wp\/v2\/tags?post=7392"}],"curies":[{"name":"wp","href":"https:\/\/api.w.org\/{rel}","templated":true}]}}