{"id":6310,"date":"2020-11-27T13:16:38","date_gmt":"2020-11-27T12:16:38","guid":{"rendered":"https:\/\/www.hansemuseum.eu\/press-new\/login-new\/"},"modified":"2020-11-27T13:16:39","modified_gmt":"2020-11-27T12:16:39","slug":"login-new","status":"publish","type":"page","link":"https:\/\/www.hansemuseum.eu\/en\/press-new\/login-new\/","title":{"rendered":"Login new"},"content":{"rendered":"\t\t<div data-elementor-type=\"wp-page\" data-elementor-id=\"6310\" class=\"elementor elementor-6310 elementor-5777\">\n\t\t\t\t\t\t<section class=\"elementor-section elementor-top-section elementor-element elementor-element-206c517 elementor-section-boxed elementor-section-height-default elementor-section-height-default\" data-id=\"206c517\" data-element_type=\"section\" data-e-type=\"section\" data-settings=\"{&quot;jet_parallax_layout_list&quot;:[{&quot;jet_parallax_layout_image&quot;:{&quot;url&quot;:&quot;&quot;,&quot;id&quot;:&quot;&quot;,&quot;size&quot;:&quot;&quot;},&quot;_id&quot;:&quot;2298ce5&quot;,&quot;jet_parallax_layout_image_tablet&quot;:{&quot;url&quot;:&quot;&quot;,&quot;id&quot;:&quot;&quot;,&quot;size&quot;:&quot;&quot;},&quot;jet_parallax_layout_image_mobile&quot;:{&quot;url&quot;:&quot;&quot;,&quot;id&quot;:&quot;&quot;,&quot;size&quot;:&quot;&quot;},&quot;jet_parallax_layout_speed&quot;:{&quot;unit&quot;:&quot;%&quot;,&quot;size&quot;:50,&quot;sizes&quot;:[]},&quot;jet_parallax_layout_type&quot;:&quot;scroll&quot;,&quot;jet_parallax_layout_direction&quot;:&quot;1&quot;,&quot;jet_parallax_layout_fx_direction&quot;:null,&quot;jet_parallax_layout_z_index&quot;:&quot;&quot;,&quot;jet_parallax_layout_bg_x&quot;:50,&quot;jet_parallax_layout_bg_x_tablet&quot;:&quot;&quot;,&quot;jet_parallax_layout_bg_x_mobile&quot;:&quot;&quot;,&quot;jet_parallax_layout_bg_y&quot;:50,&quot;jet_parallax_layout_bg_y_tablet&quot;:&quot;&quot;,&quot;jet_parallax_layout_bg_y_mobile&quot;:&quot;&quot;,&quot;jet_parallax_layout_bg_size&quot;:&quot;auto&quot;,&quot;jet_parallax_layout_bg_size_tablet&quot;:&quot;&quot;,&quot;jet_parallax_layout_bg_size_mobile&quot;:&quot;&quot;,&quot;jet_parallax_layout_animation_prop&quot;:&quot;transform&quot;,&quot;jet_parallax_layout_on&quot;:[&quot;desktop&quot;,&quot;tablet&quot;]}]}\">\n\t\t\t\t\t\t<div class=\"elementor-container elementor-column-gap-default\">\n\t\t\t\t\t<div class=\"elementor-column elementor-col-33 elementor-top-column elementor-element elementor-element-bd238b7\" data-id=\"bd238b7\" data-element_type=\"column\" data-e-type=\"column\">\n\t\t\t<div class=\"elementor-widget-wrap elementor-element-populated\">\n\t\t\t\t\t\t<div class=\"elementor-element elementor-element-a02bb2c elementor-widget elementor-widget-shortcode\" data-id=\"a02bb2c\" data-element_type=\"widget\" data-e-type=\"widget\" data-widget_type=\"shortcode.default\">\n\t\t\t\t<div class=\"elementor-widget-container\">\n\t\t\t\t\t\t\t<div class=\"elementor-shortcode\">[anmeldung-pressebereich-neu]<\/div>\n\t\t\t\t\t\t<\/div>\n\t\t\t\t<\/div>\n\t\t\t\t\t<\/div>\n\t\t<\/div>\n\t\t\t\t<div class=\"elementor-column elementor-col-33 elementor-top-column elementor-element elementor-element-72daa73\" data-id=\"72daa73\" data-element_type=\"column\" data-e-type=\"column\">\n\t\t\t<div class=\"elementor-widget-wrap\">\n\t\t\t\t\t\t\t<\/div>\n\t\t<\/div>\n\t\t\t\t<div class=\"elementor-column elementor-col-33 elementor-top-column elementor-element elementor-element-f75c352\" data-id=\"f75c352\" data-element_type=\"column\" data-e-type=\"column\">\n\t\t\t<div class=\"elementor-widget-wrap elementor-element-populated\">\n\t\t\t\t\t\t<div class=\"elementor-element elementor-element-d9d94a4 elementor-widget elementor-widget-heading\" data-id=\"d9d94a4\" data-element_type=\"widget\" data-e-type=\"widget\" data-widget_type=\"heading.default\">\n\t\t\t\t<div class=\"elementor-widget-container\">\n\t\t\t\t\t<h3 class=\"elementor-heading-title elementor-size-default\">Contact<\/h3>\t\t\t\t<\/div>\n\t\t\t\t<\/div>\n\t\t\t\t<div class=\"elementor-element elementor-element-77f6132 elementor-widget elementor-widget-text-editor\" data-id=\"77f6132\" data-element_type=\"widget\" data-e-type=\"widget\" data-widget_type=\"text-editor.default\">\n\t\t\t\t<div class=\"elementor-widget-container\">\n\t\t\t\t\t\t\t\t\t<p><strong>Nelly Birgmeier<\/strong><br \/>\n<em>Referentin Presse<\/em><br \/>\n+49 451 . 80 90 99 18<br \/>\n<a href=\"mailto:robin.schmeck@hansemuseum.eu\">presse@hansemuseum.eu<\/a><\/p>\n<p><strong>Marilena Meyer<\/strong><br \/>\n<em>Presse\/Veranstaltungen<\/em><br \/>\n+49 451 . 80 90 99 15<br \/>\n<a href=\"mailto:marilena.meyer@hansemuseum.eu\">presse@hansemuseum.eu<\/a><\/p>\n<p><span style=\"color: #818181;\"><em>\u00a0<\/em><\/span><\/p>\n\t\t\t\t\t\t\t\t<\/div>\n\t\t\t\t<\/div>\n\t\t\t\t<div class=\"elementor-element elementor-element-051659d elementor-widget elementor-widget-heading\" data-id=\"051659d\" data-element_type=\"widget\" data-e-type=\"widget\" data-widget_type=\"heading.default\">\n\t\t\t\t<div class=\"elementor-widget-container\">\n\t\t\t\t\t<h3 class=\"elementor-heading-title elementor-size-default\">Registration as a press representative<\/h3>\t\t\t\t<\/div>\n\t\t\t\t<\/div>\n\t\t\t\t<div class=\"elementor-element elementor-element-c97875f elementor-widget elementor-widget-button\" data-id=\"c97875f\" data-element_type=\"widget\" data-e-type=\"widget\" data-widget_type=\"button.default\">\n\t\t\t\t<div class=\"elementor-widget-container\">\n\t\t\t\t\t\t\t\t\t<div class=\"elementor-button-wrapper\">\n\t\t\t\t\t<a class=\"elementor-button elementor-button-link elementor-size-sm\" href=\"https:\/\/www.hansemuseum.eu\/pressebereich-neu\/registrieren-neu\/\">\n\t\t\t\t\t\t<span class=\"elementor-button-content-wrapper\">\n\t\t\t\t\t\t\t\t\t<span class=\"elementor-button-text\">To registration<\/span>\n\t\t\t\t\t<\/span>\n\t\t\t\t\t<\/a>\n\t\t\t\t<\/div>\n\t\t\t\t\t\t\t\t<\/div>\n\t\t\t\t<\/div>\n\t\t\t\t\t<\/div>\n\t\t<\/div>\n\t\t\t\t\t<\/div>\n\t\t<\/section>\n\t\t\t\t<\/div>\n\t\t","protected":false},"excerpt":{"rendered":"<p>[anmeldung-pressebereich-neu] Contact Nelly Birgmeier Referentin Presse +49 451 . 80 90 99 18 presse@hansemuseum.eu Marilena Meyer Presse\/Veranstaltungen +49 451 . 80 90 99 15 presse@hansemuseum.eu &#8230;<br \/><a class=\"more-link\" href=\"https:\/\/www.hansemuseum.eu\/en\/press-new\/login-new\/\">Read More<\/a><\/p>\n","protected":false},"author":1,"featured_media":0,"parent":6290,"menu_order":2,"comment_status":"closed","ping_status":"closed","template":"page-pressebereich.php","meta":{"_acf_changed":false,"_exactmetrics_skip_tracking":false,"_exactmetrics_sitenote_active":false,"_exactmetrics_sitenote_note":"","_exactmetrics_sitenote_category":0,"footnotes":""},"tags":[],"class_list":["post-6310","page","type-page","status-publish","hentry"],"acf":[],"yoast_head":"<!-- This site is optimized with the Yoast SEO plugin v27.3 - https:\/\/yoast.com\/product\/yoast-seo-wordpress\/ -->\n<title>Login new - Europ\u00e4isches Hansemuseum<\/title>\n<meta name=\"robots\" content=\"index, follow, max-snippet:-1, max-image-preview:large, max-video-preview:-1\" \/>\n<link rel=\"canonical\" href=\"https:\/\/www.hansemuseum.eu\/en\/press-new\/login-new\/\" \/>\n<meta property=\"og:locale\" content=\"en_US\" \/>\n<meta property=\"og:type\" content=\"article\" \/>\n<meta property=\"og:title\" content=\"Login new - Europ\u00e4isches Hansemuseum\" \/>\n<meta property=\"og:description\" content=\"[anmeldung-pressebereich-neu] Contact Nelly Birgmeier Referentin Presse +49 451 . 80 90 99 18 presse@hansemuseum.eu Marilena Meyer Presse\/Veranstaltungen +49 451 . 80 90 99 15 presse@hansemuseum.eu ...Read More\" \/>\n<meta property=\"og:url\" content=\"https:\/\/www.hansemuseum.eu\/en\/press-new\/login-new\/\" \/>\n<meta property=\"og:site_name\" content=\"Europ\u00e4isches Hansemuseum\" \/>\n<meta property=\"article:publisher\" content=\"https:\/\/www.facebook.com\/hansemuseum\/\" \/>\n<meta property=\"article:modified_time\" content=\"2020-11-27T12:16:39+00:00\" \/>\n<meta name=\"twitter:card\" content=\"summary_large_image\" \/>\n<script type=\"application\/ld+json\" class=\"yoast-schema-graph\">{\"@context\":\"https:\\\/\\\/schema.org\",\"@graph\":[{\"@type\":\"WebPage\",\"@id\":\"https:\\\/\\\/www.hansemuseum.eu\\\/en\\\/press-new\\\/login-new\\\/\",\"url\":\"https:\\\/\\\/www.hansemuseum.eu\\\/en\\\/press-new\\\/login-new\\\/\",\"name\":\"Login new - Europ\u00e4isches Hansemuseum\",\"isPartOf\":{\"@id\":\"https:\\\/\\\/www.hansemuseum.eu\\\/en\\\/#website\"},\"datePublished\":\"2020-11-27T12:16:38+00:00\",\"dateModified\":\"2020-11-27T12:16:39+00:00\",\"breadcrumb\":{\"@id\":\"https:\\\/\\\/www.hansemuseum.eu\\\/en\\\/press-new\\\/login-new\\\/#breadcrumb\"},\"inLanguage\":\"en-US\",\"potentialAction\":[{\"@type\":\"ReadAction\",\"target\":[\"https:\\\/\\\/www.hansemuseum.eu\\\/en\\\/press-new\\\/login-new\\\/\"]}]},{\"@type\":\"BreadcrumbList\",\"@id\":\"https:\\\/\\\/www.hansemuseum.eu\\\/en\\\/press-new\\\/login-new\\\/#breadcrumb\",\"itemListElement\":[{\"@type\":\"ListItem\",\"position\":1,\"name\":\"Startseite\",\"item\":\"https:\\\/\\\/www.hansemuseum.eu\\\/en\\\/\"},{\"@type\":\"ListItem\",\"position\":2,\"name\":\"Press &#8211; new\",\"item\":\"https:\\\/\\\/www.hansemuseum.eu\\\/en\\\/press-new\\\/\"},{\"@type\":\"ListItem\",\"position\":3,\"name\":\"Login new\"}]},{\"@type\":\"WebSite\",\"@id\":\"https:\\\/\\\/www.hansemuseum.eu\\\/en\\\/#website\",\"url\":\"https:\\\/\\\/www.hansemuseum.eu\\\/en\\\/\",\"name\":\"Europ\u00e4isches Hansemuseum\",\"description\":\"Auf dieser Seite finden Sie Informationen zu Preisen, Sprachen, F\u00fchrungen und Barrierefreiheit im Europ\u00e4ischen Hansemuseum. Wir freuen uns auf Ihren Besuch.\",\"potentialAction\":[{\"@type\":\"SearchAction\",\"target\":{\"@type\":\"EntryPoint\",\"urlTemplate\":\"https:\\\/\\\/www.hansemuseum.eu\\\/en\\\/?s={search_term_string}\"},\"query-input\":{\"@type\":\"PropertyValueSpecification\",\"valueRequired\":true,\"valueName\":\"search_term_string\"}}],\"inLanguage\":\"en-US\"}]}<\/script>\n<!-- \/ Yoast SEO plugin. -->","yoast_head_json":{"title":"Login new - Europ\u00e4isches Hansemuseum","robots":{"index":"index","follow":"follow","max-snippet":"max-snippet:-1","max-image-preview":"max-image-preview:large","max-video-preview":"max-video-preview:-1"},"canonical":"https:\/\/www.hansemuseum.eu\/en\/press-new\/login-new\/","og_locale":"en_US","og_type":"article","og_title":"Login new - Europ\u00e4isches Hansemuseum","og_description":"[anmeldung-pressebereich-neu] Contact Nelly Birgmeier Referentin Presse +49 451 . 80 90 99 18 presse@hansemuseum.eu Marilena Meyer Presse\/Veranstaltungen +49 451 . 80 90 99 15 presse@hansemuseum.eu ...Read More","og_url":"https:\/\/www.hansemuseum.eu\/en\/press-new\/login-new\/","og_site_name":"Europ\u00e4isches Hansemuseum","article_publisher":"https:\/\/www.facebook.com\/hansemuseum\/","article_modified_time":"2020-11-27T12:16:39+00:00","twitter_card":"summary_large_image","schema":{"@context":"https:\/\/schema.org","@graph":[{"@type":"WebPage","@id":"https:\/\/www.hansemuseum.eu\/en\/press-new\/login-new\/","url":"https:\/\/www.hansemuseum.eu\/en\/press-new\/login-new\/","name":"Login new - Europ\u00e4isches Hansemuseum","isPartOf":{"@id":"https:\/\/www.hansemuseum.eu\/en\/#website"},"datePublished":"2020-11-27T12:16:38+00:00","dateModified":"2020-11-27T12:16:39+00:00","breadcrumb":{"@id":"https:\/\/www.hansemuseum.eu\/en\/press-new\/login-new\/#breadcrumb"},"inLanguage":"en-US","potentialAction":[{"@type":"ReadAction","target":["https:\/\/www.hansemuseum.eu\/en\/press-new\/login-new\/"]}]},{"@type":"BreadcrumbList","@id":"https:\/\/www.hansemuseum.eu\/en\/press-new\/login-new\/#breadcrumb","itemListElement":[{"@type":"ListItem","position":1,"name":"Startseite","item":"https:\/\/www.hansemuseum.eu\/en\/"},{"@type":"ListItem","position":2,"name":"Press &#8211; new","item":"https:\/\/www.hansemuseum.eu\/en\/press-new\/"},{"@type":"ListItem","position":3,"name":"Login new"}]},{"@type":"WebSite","@id":"https:\/\/www.hansemuseum.eu\/en\/#website","url":"https:\/\/www.hansemuseum.eu\/en\/","name":"Europ\u00e4isches Hansemuseum","description":"Auf dieser Seite finden Sie Informationen zu Preisen, Sprachen, F\u00fchrungen und Barrierefreiheit im Europ\u00e4ischen Hansemuseum. Wir freuen uns auf Ihren Besuch.","potentialAction":[{"@type":"SearchAction","target":{"@type":"EntryPoint","urlTemplate":"https:\/\/www.hansemuseum.eu\/en\/?s={search_term_string}"},"query-input":{"@type":"PropertyValueSpecification","valueRequired":true,"valueName":"search_term_string"}}],"inLanguage":"en-US"}]}},"_links":{"self":[{"href":"https:\/\/www.hansemuseum.eu\/en\/wp-json\/wp\/v2\/pages\/6310","targetHints":{"allow":["GET"]}}],"collection":[{"href":"https:\/\/www.hansemuseum.eu\/en\/wp-json\/wp\/v2\/pages"}],"about":[{"href":"https:\/\/www.hansemuseum.eu\/en\/wp-json\/wp\/v2\/types\/page"}],"author":[{"embeddable":true,"href":"https:\/\/www.hansemuseum.eu\/en\/wp-json\/wp\/v2\/users\/1"}],"replies":[{"embeddable":true,"href":"https:\/\/www.hansemuseum.eu\/en\/wp-json\/wp\/v2\/comments?post=6310"}],"version-history":[{"count":0,"href":"https:\/\/www.hansemuseum.eu\/en\/wp-json\/wp\/v2\/pages\/6310\/revisions"}],"up":[{"embeddable":true,"href":"https:\/\/www.hansemuseum.eu\/en\/wp-json\/wp\/v2\/pages\/6290"}],"wp:attachment":[{"href":"https:\/\/www.hansemuseum.eu\/en\/wp-json\/wp\/v2\/media?parent=6310"}],"wp:term":[{"taxonomy":"post_tag","embeddable":true,"href":"https:\/\/www.hansemuseum.eu\/en\/wp-json\/wp\/v2\/tags?post=6310"}],"curies":[{"name":"wp","href":"https:\/\/api.w.org\/{rel}","templated":true}]}}