{"id":29335,"date":"2024-09-04T15:57:11","date_gmt":"2024-09-04T13:57:11","guid":{"rendered":"https:\/\/www.hansemuseum.eu\/?page_id=29335"},"modified":"2024-09-17T09:12:41","modified_gmt":"2024-09-17T07:12:41","slug":"tickets","status":"publish","type":"page","link":"https:\/\/www.hansemuseum.eu\/en\/tickets\/","title":{"rendered":"Tickets"},"content":{"rendered":"\t\t<div data-elementor-type=\"wp-page\" data-elementor-id=\"29335\" class=\"elementor elementor-29335 elementor-29312\">\n\t\t\t\t\t\t<section class=\"elementor-section elementor-top-section elementor-element elementor-element-4875c990 elementor-section-height-full elementor-section-items-bottom elementor-section-boxed elementor-section-height-default\" data-id=\"4875c990\" data-element_type=\"section\" data-e-type=\"section\" id=\"headerbild\" data-settings=\"{&quot;background_background&quot;:&quot;classic&quot;,&quot;jet_parallax_layout_list&quot;:[]}\">\n\t\t\t\t\t\t\t<div class=\"elementor-background-overlay\"><\/div>\n\t\t\t\t\t\t\t<div class=\"elementor-container elementor-column-gap-no\">\n\t\t\t\t\t<div class=\"elementor-column elementor-col-100 elementor-top-column elementor-element elementor-element-4fa1f0f1\" data-id=\"4fa1f0f1\" data-element_type=\"column\" data-e-type=\"column\">\n\t\t\t<div class=\"elementor-widget-wrap elementor-element-populated\">\n\t\t\t\t\t\t<div class=\"elementor-element elementor-element-2987faa7 elementor-widget elementor-widget-text-editor\" data-id=\"2987faa7\" data-element_type=\"widget\" data-e-type=\"widget\" data-widget_type=\"text-editor.default\">\n\t\t\t\t<div class=\"elementor-widget-container\">\n\t\t\t\t\t\t\t\t\t<h1>TICKETS<\/h1>\n\t\t\t\t\t\t\t\t<\/div>\n\t\t\t\t<\/div>\n\t\t\t\t\t<\/div>\n\t\t<\/div>\n\t\t\t\t\t<\/div>\n\t\t<\/section>\n\t\t\t\t<section class=\"elementor-section elementor-top-section elementor-element elementor-element-c1b2fc7 elementor-section-boxed elementor-section-height-default elementor-section-height-default\" data-id=\"c1b2fc7\" data-element_type=\"section\" data-e-type=\"section\" data-settings=\"{&quot;jet_parallax_layout_list&quot;:[{&quot;jet_parallax_layout_image&quot;:{&quot;url&quot;:&quot;&quot;,&quot;id&quot;:&quot;&quot;,&quot;size&quot;:&quot;&quot;},&quot;_id&quot;:&quot;4cc7f72&quot;,&quot;jet_parallax_layout_image_tablet&quot;:{&quot;url&quot;:&quot;&quot;,&quot;id&quot;:&quot;&quot;,&quot;size&quot;:&quot;&quot;},&quot;jet_parallax_layout_image_mobile&quot;:{&quot;url&quot;:&quot;&quot;,&quot;id&quot;:&quot;&quot;,&quot;size&quot;:&quot;&quot;},&quot;jet_parallax_layout_speed&quot;:{&quot;unit&quot;:&quot;%&quot;,&quot;size&quot;:50,&quot;sizes&quot;:[]},&quot;jet_parallax_layout_type&quot;:&quot;scroll&quot;,&quot;jet_parallax_layout_direction&quot;:&quot;1&quot;,&quot;jet_parallax_layout_fx_direction&quot;:null,&quot;jet_parallax_layout_z_index&quot;:&quot;&quot;,&quot;jet_parallax_layout_bg_x&quot;:50,&quot;jet_parallax_layout_bg_x_tablet&quot;:&quot;&quot;,&quot;jet_parallax_layout_bg_x_mobile&quot;:&quot;&quot;,&quot;jet_parallax_layout_bg_y&quot;:50,&quot;jet_parallax_layout_bg_y_tablet&quot;:&quot;&quot;,&quot;jet_parallax_layout_bg_y_mobile&quot;:&quot;&quot;,&quot;jet_parallax_layout_bg_size&quot;:&quot;auto&quot;,&quot;jet_parallax_layout_bg_size_tablet&quot;:&quot;&quot;,&quot;jet_parallax_layout_bg_size_mobile&quot;:&quot;&quot;,&quot;jet_parallax_layout_animation_prop&quot;:&quot;transform&quot;,&quot;jet_parallax_layout_on&quot;:[&quot;desktop&quot;,&quot;tablet&quot;]}]}\">\n\t\t\t\t\t\t<div class=\"elementor-container elementor-column-gap-default\">\n\t\t\t\t\t<div class=\"elementor-column elementor-col-100 elementor-top-column elementor-element elementor-element-b489de7\" data-id=\"b489de7\" data-element_type=\"column\" data-e-type=\"column\">\n\t\t\t<div class=\"elementor-widget-wrap elementor-element-populated\">\n\t\t\t\t\t\t<div class=\"elementor-element elementor-element-d662eb0 elementor-widget-divider--view-line elementor-widget elementor-widget-divider\" data-id=\"d662eb0\" data-element_type=\"widget\" data-e-type=\"widget\" data-widget_type=\"divider.default\">\n\t\t\t\t<div class=\"elementor-widget-container\">\n\t\t\t\t\t\t\t<div class=\"elementor-divider\">\n\t\t\t<span class=\"elementor-divider-separator\">\n\t\t\t\t\t\t<\/span>\n\t\t<\/div>\n\t\t\t\t\t\t<\/div>\n\t\t\t\t<\/div>\n\t\t\t\t<div class=\"elementor-element elementor-element-caa194d elementor-widget elementor-widget-text-editor\" data-id=\"caa194d\" data-element_type=\"widget\" data-e-type=\"widget\" data-widget_type=\"text-editor.default\">\n\t\t\t\t<div class=\"elementor-widget-container\">\n\t\t\t\t\t\t\t\t\t<p>Book your ticket online for a visit to the European Hansemuseum. You can also find tickets for our events on this page.<\/p>\n\t\t\t\t\t\t\t\t<\/div>\n\t\t\t\t<\/div>\n\t\t\t\t<div class=\"elementor-element elementor-element-fcac526 elementor-widget elementor-widget-text-editor\" data-id=\"fcac526\" data-element_type=\"widget\" data-e-type=\"widget\" data-widget_type=\"text-editor.default\">\n\t\t\t\t<div class=\"elementor-widget-container\">\n\t\t\t\t\t\t\t\t\t<div id=\"bookingKitContainer\" data-lang=\"en\" data-cw=\"e05dcc38b80a6a7d14441be53ef5cc9f\"><\/div>\n<p><script src=\"https:\/\/ac5b7e4ca88c1b418fdefb2e22248559.widget.bookingkit.net\/bkscript\/e05dcc38b80a6a7d14441be53ef5cc9f\/?lang=en\" async><\/script><\/p>\n\t\t\t\t\t\t\t\t<\/div>\n\t\t\t\t<\/div>\n\t\t\t\t\t<\/div>\n\t\t<\/div>\n\t\t\t\t\t<\/div>\n\t\t<\/section>\n\t\t\t\t<\/div>\n\t\t","protected":false},"excerpt":{"rendered":"<p>TICKETS Book your ticket online for a visit to the European Hansemuseum. You can also find tickets for our events on this page.<\/p>\n","protected":false},"author":256,"featured_media":610,"parent":0,"menu_order":70,"comment_status":"closed","ping_status":"closed","template":"","meta":{"_acf_changed":false,"_exactmetrics_skip_tracking":false,"_exactmetrics_sitenote_active":false,"_exactmetrics_sitenote_note":"","_exactmetrics_sitenote_category":0,"footnotes":""},"tags":[],"class_list":["post-29335","page","type-page","status-publish","has-post-thumbnail","hentry"],"acf":[],"yoast_head":"<!-- This site is optimized with the Yoast SEO plugin v27.4 - https:\/\/yoast.com\/product\/yoast-seo-wordpress\/ -->\n<title>Tickets<\/title>\n<meta name=\"description\" content=\"Book your ticket online for a visit to the European Hansemuseum. You can also find tickets for our events on this page.\" \/>\n<meta name=\"robots\" content=\"index, follow, max-snippet:-1, max-image-preview:large, max-video-preview:-1\" \/>\n<link rel=\"canonical\" href=\"https:\/\/www.hansemuseum.eu\/en\/tickets\/\" \/>\n<meta property=\"og:locale\" content=\"en_US\" \/>\n<meta property=\"og:type\" content=\"article\" \/>\n<meta property=\"og:title\" content=\"Tickets\" \/>\n<meta property=\"og:description\" content=\"Book your ticket online for a visit to the European Hansemuseum. You can also find tickets for our events on this page.\" \/>\n<meta property=\"og:url\" content=\"https:\/\/www.hansemuseum.eu\/en\/tickets\/\" \/>\n<meta property=\"og:site_name\" content=\"Europ\u00e4isches Hansemuseum\" \/>\n<meta property=\"article:publisher\" content=\"https:\/\/www.facebook.com\/hansemuseum\/\" \/>\n<meta property=\"article:modified_time\" content=\"2024-09-17T07:12:41+00:00\" \/>\n<meta property=\"og:image\" content=\"https:\/\/www.hansemuseum.eu\/wp-content\/uploads\/2020\/01\/about-1.jpg\" \/>\n\t<meta property=\"og:image:width\" content=\"1920\" \/>\n\t<meta property=\"og:image:height\" content=\"1280\" \/>\n\t<meta property=\"og:image:type\" content=\"image\/jpeg\" \/>\n<meta name=\"twitter:card\" content=\"summary_large_image\" \/>\n<script type=\"application\/ld+json\" class=\"yoast-schema-graph\">{\"@context\":\"https:\\\/\\\/schema.org\",\"@graph\":[{\"@type\":\"WebPage\",\"@id\":\"https:\\\/\\\/www.hansemuseum.eu\\\/en\\\/tickets\\\/\",\"url\":\"https:\\\/\\\/www.hansemuseum.eu\\\/en\\\/tickets\\\/\",\"name\":\"Tickets\",\"isPartOf\":{\"@id\":\"https:\\\/\\\/www.hansemuseum.eu\\\/en\\\/#website\"},\"primaryImageOfPage\":{\"@id\":\"https:\\\/\\\/www.hansemuseum.eu\\\/en\\\/tickets\\\/#primaryimage\"},\"image\":{\"@id\":\"https:\\\/\\\/www.hansemuseum.eu\\\/en\\\/tickets\\\/#primaryimage\"},\"thumbnailUrl\":\"https:\\\/\\\/www.hansemuseum.eu\\\/wp-content\\\/uploads\\\/2020\\\/01\\\/about-1.jpg\",\"datePublished\":\"2024-09-04T13:57:11+00:00\",\"dateModified\":\"2024-09-17T07:12:41+00:00\",\"description\":\"Book your ticket online for a visit to the European Hansemuseum. You can also find tickets for our events on this page.\",\"breadcrumb\":{\"@id\":\"https:\\\/\\\/www.hansemuseum.eu\\\/en\\\/tickets\\\/#breadcrumb\"},\"inLanguage\":\"en-US\",\"potentialAction\":[{\"@type\":\"ReadAction\",\"target\":[\"https:\\\/\\\/www.hansemuseum.eu\\\/en\\\/tickets\\\/\"]}]},{\"@type\":\"ImageObject\",\"inLanguage\":\"en-US\",\"@id\":\"https:\\\/\\\/www.hansemuseum.eu\\\/en\\\/tickets\\\/#primaryimage\",\"url\":\"https:\\\/\\\/www.hansemuseum.eu\\\/wp-content\\\/uploads\\\/2020\\\/01\\\/about-1.jpg\",\"contentUrl\":\"https:\\\/\\\/www.hansemuseum.eu\\\/wp-content\\\/uploads\\\/2020\\\/01\\\/about-1.jpg\",\"width\":1920,\"height\":1280},{\"@type\":\"BreadcrumbList\",\"@id\":\"https:\\\/\\\/www.hansemuseum.eu\\\/en\\\/tickets\\\/#breadcrumb\",\"itemListElement\":[{\"@type\":\"ListItem\",\"position\":1,\"name\":\"Startseite\",\"item\":\"https:\\\/\\\/www.hansemuseum.eu\\\/en\\\/\"},{\"@type\":\"ListItem\",\"position\":2,\"name\":\"Tickets\"}]},{\"@type\":\"WebSite\",\"@id\":\"https:\\\/\\\/www.hansemuseum.eu\\\/en\\\/#website\",\"url\":\"https:\\\/\\\/www.hansemuseum.eu\\\/en\\\/\",\"name\":\"Europ\u00e4isches Hansemuseum\",\"description\":\"Auf dieser Seite finden Sie Informationen zu Preisen, Sprachen, F\u00fchrungen und Barrierefreiheit im Europ\u00e4ischen Hansemuseum. Wir freuen uns auf Ihren Besuch.\",\"potentialAction\":[{\"@type\":\"SearchAction\",\"target\":{\"@type\":\"EntryPoint\",\"urlTemplate\":\"https:\\\/\\\/www.hansemuseum.eu\\\/en\\\/?s={search_term_string}\"},\"query-input\":{\"@type\":\"PropertyValueSpecification\",\"valueRequired\":true,\"valueName\":\"search_term_string\"}}],\"inLanguage\":\"en-US\"}]}<\/script>\n<!-- \/ Yoast SEO plugin. -->","yoast_head_json":{"title":"Tickets","description":"Book your ticket online for a visit to the European Hansemuseum. You can also find tickets for our events on this page.","robots":{"index":"index","follow":"follow","max-snippet":"max-snippet:-1","max-image-preview":"max-image-preview:large","max-video-preview":"max-video-preview:-1"},"canonical":"https:\/\/www.hansemuseum.eu\/en\/tickets\/","og_locale":"en_US","og_type":"article","og_title":"Tickets","og_description":"Book your ticket online for a visit to the European Hansemuseum. You can also find tickets for our events on this page.","og_url":"https:\/\/www.hansemuseum.eu\/en\/tickets\/","og_site_name":"Europ\u00e4isches Hansemuseum","article_publisher":"https:\/\/www.facebook.com\/hansemuseum\/","article_modified_time":"2024-09-17T07:12:41+00:00","og_image":[{"width":1920,"height":1280,"url":"https:\/\/www.hansemuseum.eu\/wp-content\/uploads\/2020\/01\/about-1.jpg","type":"image\/jpeg"}],"twitter_card":"summary_large_image","schema":{"@context":"https:\/\/schema.org","@graph":[{"@type":"WebPage","@id":"https:\/\/www.hansemuseum.eu\/en\/tickets\/","url":"https:\/\/www.hansemuseum.eu\/en\/tickets\/","name":"Tickets","isPartOf":{"@id":"https:\/\/www.hansemuseum.eu\/en\/#website"},"primaryImageOfPage":{"@id":"https:\/\/www.hansemuseum.eu\/en\/tickets\/#primaryimage"},"image":{"@id":"https:\/\/www.hansemuseum.eu\/en\/tickets\/#primaryimage"},"thumbnailUrl":"https:\/\/www.hansemuseum.eu\/wp-content\/uploads\/2020\/01\/about-1.jpg","datePublished":"2024-09-04T13:57:11+00:00","dateModified":"2024-09-17T07:12:41+00:00","description":"Book your ticket online for a visit to the European Hansemuseum. You can also find tickets for our events on this page.","breadcrumb":{"@id":"https:\/\/www.hansemuseum.eu\/en\/tickets\/#breadcrumb"},"inLanguage":"en-US","potentialAction":[{"@type":"ReadAction","target":["https:\/\/www.hansemuseum.eu\/en\/tickets\/"]}]},{"@type":"ImageObject","inLanguage":"en-US","@id":"https:\/\/www.hansemuseum.eu\/en\/tickets\/#primaryimage","url":"https:\/\/www.hansemuseum.eu\/wp-content\/uploads\/2020\/01\/about-1.jpg","contentUrl":"https:\/\/www.hansemuseum.eu\/wp-content\/uploads\/2020\/01\/about-1.jpg","width":1920,"height":1280},{"@type":"BreadcrumbList","@id":"https:\/\/www.hansemuseum.eu\/en\/tickets\/#breadcrumb","itemListElement":[{"@type":"ListItem","position":1,"name":"Startseite","item":"https:\/\/www.hansemuseum.eu\/en\/"},{"@type":"ListItem","position":2,"name":"Tickets"}]},{"@type":"WebSite","@id":"https:\/\/www.hansemuseum.eu\/en\/#website","url":"https:\/\/www.hansemuseum.eu\/en\/","name":"Europ\u00e4isches Hansemuseum","description":"Auf dieser Seite finden Sie Informationen zu Preisen, Sprachen, F\u00fchrungen und Barrierefreiheit im Europ\u00e4ischen Hansemuseum. Wir freuen uns auf Ihren Besuch.","potentialAction":[{"@type":"SearchAction","target":{"@type":"EntryPoint","urlTemplate":"https:\/\/www.hansemuseum.eu\/en\/?s={search_term_string}"},"query-input":{"@type":"PropertyValueSpecification","valueRequired":true,"valueName":"search_term_string"}}],"inLanguage":"en-US"}]}},"_links":{"self":[{"href":"https:\/\/www.hansemuseum.eu\/en\/wp-json\/wp\/v2\/pages\/29335","targetHints":{"allow":["GET"]}}],"collection":[{"href":"https:\/\/www.hansemuseum.eu\/en\/wp-json\/wp\/v2\/pages"}],"about":[{"href":"https:\/\/www.hansemuseum.eu\/en\/wp-json\/wp\/v2\/types\/page"}],"author":[{"embeddable":true,"href":"https:\/\/www.hansemuseum.eu\/en\/wp-json\/wp\/v2\/users\/256"}],"replies":[{"embeddable":true,"href":"https:\/\/www.hansemuseum.eu\/en\/wp-json\/wp\/v2\/comments?post=29335"}],"version-history":[{"count":0,"href":"https:\/\/www.hansemuseum.eu\/en\/wp-json\/wp\/v2\/pages\/29335\/revisions"}],"wp:featuredmedia":[{"embeddable":true,"href":"https:\/\/www.hansemuseum.eu\/en\/wp-json\/wp\/v2\/media\/610"}],"wp:attachment":[{"href":"https:\/\/www.hansemuseum.eu\/en\/wp-json\/wp\/v2\/media?parent=29335"}],"wp:term":[{"taxonomy":"post_tag","embeddable":true,"href":"https:\/\/www.hansemuseum.eu\/en\/wp-json\/wp\/v2\/tags?post=29335"}],"curies":[{"name":"wp","href":"https:\/\/api.w.org\/{rel}","templated":true}]}}