{"id":15078,"date":"2021-12-02T09:57:03","date_gmt":"2021-12-02T08:57:03","guid":{"rendered":"https:\/\/www.hansemuseum.eu\/house-rules\/"},"modified":"2021-12-02T09:57:03","modified_gmt":"2021-12-02T08:57:03","slug":"house-rules","status":"publish","type":"page","link":"https:\/\/www.hansemuseum.eu\/en\/house-rules\/","title":{"rendered":"House rules"},"content":{"rendered":"\t\t<div data-elementor-type=\"wp-page\" data-elementor-id=\"15078\" class=\"elementor elementor-15078 elementor-15063\">\n\t\t\t\t\t\t<section class=\"elementor-section elementor-top-section elementor-element elementor-element-23a9888 elementor-section-height-min-height elementor-section-items-bottom elementor-section-boxed elementor-section-height-default\" data-id=\"23a9888\" data-element_type=\"section\" data-e-type=\"section\" id=\"headerbild\" data-settings=\"{&quot;background_background&quot;:&quot;classic&quot;,&quot;jet_parallax_layout_list&quot;:[{&quot;jet_parallax_layout_type&quot;:&quot;none&quot;,&quot;jet_parallax_layout_bg_x&quot;:0,&quot;jet_parallax_layout_bg_y&quot;:0,&quot;jet_parallax_layout_bg_size&quot;:&quot;contain&quot;,&quot;_id&quot;:&quot;29064e0&quot;,&quot;jet_parallax_layout_image&quot;:{&quot;url&quot;:&quot;&quot;,&quot;id&quot;:&quot;&quot;,&quot;size&quot;:&quot;&quot;},&quot;jet_parallax_layout_image_tablet&quot;:{&quot;url&quot;:&quot;&quot;,&quot;id&quot;:&quot;&quot;,&quot;size&quot;:&quot;&quot;},&quot;jet_parallax_layout_image_mobile&quot;:{&quot;url&quot;:&quot;&quot;,&quot;id&quot;:&quot;&quot;,&quot;size&quot;:&quot;&quot;},&quot;jet_parallax_layout_speed&quot;:{&quot;unit&quot;:&quot;%&quot;,&quot;size&quot;:50,&quot;sizes&quot;:[]},&quot;jet_parallax_layout_direction&quot;:null,&quot;jet_parallax_layout_fx_direction&quot;:null,&quot;jet_parallax_layout_z_index&quot;:&quot;&quot;,&quot;jet_parallax_layout_bg_x_tablet&quot;:&quot;&quot;,&quot;jet_parallax_layout_bg_x_mobile&quot;:&quot;&quot;,&quot;jet_parallax_layout_bg_y_tablet&quot;:&quot;&quot;,&quot;jet_parallax_layout_bg_y_mobile&quot;:&quot;&quot;,&quot;jet_parallax_layout_bg_size_tablet&quot;:&quot;&quot;,&quot;jet_parallax_layout_bg_size_mobile&quot;:&quot;&quot;,&quot;jet_parallax_layout_animation_prop&quot;:null,&quot;jet_parallax_layout_on&quot;:[&quot;desktop&quot;,&quot;tablet&quot;]}]}\">\n\t\t\t\t\t\t\t<div class=\"elementor-background-overlay\"><\/div>\n\t\t\t\t\t\t\t<div class=\"elementor-container elementor-column-gap-no\">\n\t\t\t\t\t<div class=\"elementor-column elementor-col-100 elementor-top-column elementor-element elementor-element-d3d59a2\" data-id=\"d3d59a2\" data-element_type=\"column\" data-e-type=\"column\">\n\t\t\t<div class=\"elementor-widget-wrap elementor-element-populated\">\n\t\t\t\t\t\t<div class=\"elementor-element elementor-element-5bc87b5 elementor-widget elementor-widget-heading\" data-id=\"5bc87b5\" data-element_type=\"widget\" data-e-type=\"widget\" data-widget_type=\"heading.default\">\n\t\t\t\t<div class=\"elementor-widget-container\">\n\t\t\t\t\t<h2 class=\"elementor-heading-title elementor-size-default\">House rules<\/h2>\t\t\t\t<\/div>\n\t\t\t\t<\/div>\n\t\t\t\t\t<\/div>\n\t\t<\/div>\n\t\t\t\t\t<\/div>\n\t\t<\/section>\n\t\t\t\t<section class=\"elementor-section elementor-top-section elementor-element elementor-element-744643f elementor-section-boxed elementor-section-height-default elementor-section-height-default\" data-id=\"744643f\" data-element_type=\"section\" data-e-type=\"section\" data-settings=\"{&quot;jet_parallax_layout_list&quot;:[{&quot;jet_parallax_layout_image&quot;:{&quot;url&quot;:&quot;&quot;,&quot;id&quot;:&quot;&quot;,&quot;size&quot;:&quot;&quot;},&quot;_id&quot;:&quot;0cc4954&quot;,&quot;jet_parallax_layout_image_tablet&quot;:{&quot;url&quot;:&quot;&quot;,&quot;id&quot;:&quot;&quot;,&quot;size&quot;:&quot;&quot;},&quot;jet_parallax_layout_image_mobile&quot;:{&quot;url&quot;:&quot;&quot;,&quot;id&quot;:&quot;&quot;,&quot;size&quot;:&quot;&quot;},&quot;jet_parallax_layout_speed&quot;:{&quot;unit&quot;:&quot;%&quot;,&quot;size&quot;:50,&quot;sizes&quot;:[]},&quot;jet_parallax_layout_type&quot;:&quot;scroll&quot;,&quot;jet_parallax_layout_direction&quot;:&quot;1&quot;,&quot;jet_parallax_layout_fx_direction&quot;:null,&quot;jet_parallax_layout_z_index&quot;:&quot;&quot;,&quot;jet_parallax_layout_bg_x&quot;:50,&quot;jet_parallax_layout_bg_x_tablet&quot;:&quot;&quot;,&quot;jet_parallax_layout_bg_x_mobile&quot;:&quot;&quot;,&quot;jet_parallax_layout_bg_y&quot;:50,&quot;jet_parallax_layout_bg_y_tablet&quot;:&quot;&quot;,&quot;jet_parallax_layout_bg_y_mobile&quot;:&quot;&quot;,&quot;jet_parallax_layout_bg_size&quot;:&quot;auto&quot;,&quot;jet_parallax_layout_bg_size_tablet&quot;:&quot;&quot;,&quot;jet_parallax_layout_bg_size_mobile&quot;:&quot;&quot;,&quot;jet_parallax_layout_animation_prop&quot;:&quot;transform&quot;,&quot;jet_parallax_layout_on&quot;:[&quot;desktop&quot;,&quot;tablet&quot;]}]}\">\n\t\t\t\t\t\t<div class=\"elementor-container elementor-column-gap-default\">\n\t\t\t\t\t<div class=\"elementor-column elementor-col-100 elementor-top-column elementor-element elementor-element-eb772f2\" data-id=\"eb772f2\" data-element_type=\"column\" data-e-type=\"column\">\n\t\t\t<div class=\"elementor-widget-wrap elementor-element-populated\">\n\t\t\t\t\t\t<div class=\"elementor-element elementor-element-d13dee9 mono elementor-widget elementor-widget-heading\" data-id=\"d13dee9\" data-element_type=\"widget\" data-e-type=\"widget\" data-widget_type=\"heading.default\">\n\t\t\t\t<div class=\"elementor-widget-container\">\n\t\t\t\t\t<h3 class=\"elementor-heading-title elementor-size-default\">House rules and museum regulations of Europ\u00e4isches Hansemuseum L\u00fcbeck gemeinn\u00fctzige GmbH<\/h3>\t\t\t\t<\/div>\n\t\t\t\t<\/div>\n\t\t\t\t\t<\/div>\n\t\t<\/div>\n\t\t\t\t\t<\/div>\n\t\t<\/section>\n\t\t\t\t<section class=\"elementor-section elementor-top-section elementor-element elementor-element-f57a2ba elementor-section-boxed elementor-section-height-default elementor-section-height-default\" data-id=\"f57a2ba\" data-element_type=\"section\" data-e-type=\"section\" data-settings=\"{&quot;jet_parallax_layout_list&quot;:[{&quot;jet_parallax_layout_image&quot;:{&quot;url&quot;:&quot;&quot;,&quot;id&quot;:&quot;&quot;,&quot;size&quot;:&quot;&quot;},&quot;_id&quot;:&quot;2534e9c&quot;,&quot;jet_parallax_layout_image_tablet&quot;:{&quot;url&quot;:&quot;&quot;,&quot;id&quot;:&quot;&quot;,&quot;size&quot;:&quot;&quot;},&quot;jet_parallax_layout_image_mobile&quot;:{&quot;url&quot;:&quot;&quot;,&quot;id&quot;:&quot;&quot;,&quot;size&quot;:&quot;&quot;},&quot;jet_parallax_layout_speed&quot;:{&quot;unit&quot;:&quot;%&quot;,&quot;size&quot;:50,&quot;sizes&quot;:[]},&quot;jet_parallax_layout_type&quot;:&quot;scroll&quot;,&quot;jet_parallax_layout_direction&quot;:&quot;1&quot;,&quot;jet_parallax_layout_fx_direction&quot;:null,&quot;jet_parallax_layout_z_index&quot;:&quot;&quot;,&quot;jet_parallax_layout_bg_x&quot;:50,&quot;jet_parallax_layout_bg_x_tablet&quot;:&quot;&quot;,&quot;jet_parallax_layout_bg_x_mobile&quot;:&quot;&quot;,&quot;jet_parallax_layout_bg_y&quot;:50,&quot;jet_parallax_layout_bg_y_tablet&quot;:&quot;&quot;,&quot;jet_parallax_layout_bg_y_mobile&quot;:&quot;&quot;,&quot;jet_parallax_layout_bg_size&quot;:&quot;auto&quot;,&quot;jet_parallax_layout_bg_size_tablet&quot;:&quot;&quot;,&quot;jet_parallax_layout_bg_size_mobile&quot;:&quot;&quot;,&quot;jet_parallax_layout_animation_prop&quot;:&quot;transform&quot;,&quot;jet_parallax_layout_on&quot;:[&quot;desktop&quot;,&quot;tablet&quot;]}]}\">\n\t\t\t\t\t\t<div class=\"elementor-container elementor-column-gap-default\">\n\t\t\t\t\t<div class=\"elementor-column elementor-col-100 elementor-top-column elementor-element elementor-element-b850cad\" data-id=\"b850cad\" data-element_type=\"column\" data-e-type=\"column\">\n\t\t\t<div class=\"elementor-widget-wrap elementor-element-populated\">\n\t\t\t\t\t\t<div class=\"elementor-element elementor-element-16d3791 elementor-widget elementor-widget-text-editor\" data-id=\"16d3791\" data-element_type=\"widget\" data-e-type=\"widget\" data-widget_type=\"text-editor.default\">\n\t\t\t\t<div class=\"elementor-widget-container\">\n\t\t\t\t\t\t\t\t\t<p>We are delighted to welcome you to our museum and hope you enjoy your stay. Before you begin your tour we would like to inform you about our museum regulations.<br \/>\nThe museum regulations enable us to provide a pleasant atmosphere for your visit, to respect the interests of all visitors and ensure your health and safety. It is therefore in your own interest to follow these rules.<br \/>\nWhen you buy an entrance ticket and\/or when you enter our premises, you accept the rules and regulations of the museum.<br \/>\nEntry to the exhibition is only permitted with a valid entrance ticket. Please keep the entrance ticket with you through-out your stay, so that you can show it to the museum staff on request.<br \/>\nChildren under 14 are only allowed in the museum in the company of an adult. Children under the age of six must be under the care and supervision of adults during their entire stay.<br \/>\nFor insurance reasons the adults accompanying groups and the teachers of school classes must be present for the entire duration of the visit and must supervise their group adequately. We hereby request all accompanying adults and teachers to perform their supervisory duties with due care and attention.<br \/>\nExternal guides are generally not permitted to offer guided tours to our exhibitions, either for commercial or<br \/>\nprivate purposes. Any exemptions for individual cases must be requested in advance.<br \/>\nAnimals may not be brought into the exhibition. This does not apply to assistance dogs.<br \/>\nVisitors may not enter the museum in a state of intoxication.<br \/>\nExhibits may not be touched. Reconstructions may be touched if not labelled otherwise.<br \/>\nPlease do not talk on your mobile phone in the exhibition.<br \/>\nIt is not permitted to eat or drink in the exhibition area. Food and drinks may only be consumed in the desig-<br \/>\nnated spaces in the foyer and shop area.<br \/>\nWeapons and dangerous objects may not be carried anywhere on the museum site.<br \/>\nSmoking is not permitted anywhere in the museum buildings for safety reasons.<br \/>\nVisitors are liable for any damage they cause. Anyone setting off the alarm, either deliberately or negligently, is also liable for the ensuing expenses. Parents or legal guardians and the accompanying adults are liable for any damages caused by unsupervised children.<br \/>\nAny bulky objects such as umbrellas, large items of clothing, rucksacks and bags larger than DIN A4 must be<br \/>\nchecked in at the free cloakroom or placed in the free lockers in the foyer.<br \/>\nThe museum accepts no liability for loss, partial loss or damage to articles left in visitors\u2019 clothing. This also<br \/>\napplies if the free lockers are occupied and the clothing has to be placed without any further protection in a locked room along with other items of clothing. The museum is only liable for damages in the event of deliberate intent or gross negligence on the part of its statutory representatives or agents. In this case, liability for<br \/>\nchecked-in clothing is limited to \u20ac500.<br \/>\nPhotography and film recording for private use is permitted in the exhibition rooms and grounds of the European Hansemuseum. Photos and films may not be taken with the use of flash, tripods, selfie-sticks, drones or other apparatus. Any commercial use of photos or films taken in the museum or grounds must be approved beforehand by the museum director. If individuals are identifiable, their personality rights (right to their own image) must be respected.<br \/>\nMost areas of the museum are accessible for people in wheelchairs. Our staff will show you where the lifts and ramps are situated and will be pleased to assist you at any time.<br \/>\nOur staff are required to ensure that the museum rules and regulations are respected. Please follow any instructions they may give you.<br \/>\nThe European Hansemuseum is entitled to expel anyone misbehaving from the museum complex without refunding the entrance fee.<br \/>\nThis applies particularly to infringements of the museum rules and regulations, disturbances to other visitors, non-compliance with staff instructions or any other behaviour that causes a severe disturbance.<br \/>\nCertain rooms may be hired for events. Details are agreed in a rental contract. Otherwise the general museum rules also apply to events.<br \/>\nCCTV with temporary storage of the recordings operates in some rooms of the museum. It serves only to protect the exhibits from theft and damage.<br \/>\nWe thank you for your cooperation and hope you enjoy your stay in our museum.<\/p>\n<p>L\u00fcbeck, 01\/12\/2021<br \/>\nDr. Felicia Sternfeld, Managing Director<br \/>\nEurop\u00e4isches Hansemuseum L\u00fcbeck gemeinn\u00fctzige GmbH<\/p>\n\t\t\t\t\t\t\t\t<\/div>\n\t\t\t\t<\/div>\n\t\t\t\t\t<\/div>\n\t\t<\/div>\n\t\t\t\t\t<\/div>\n\t\t<\/section>\n\t\t\t\t<section class=\"elementor-section elementor-top-section elementor-element elementor-element-e94aedf elementor-section-boxed elementor-section-height-default elementor-section-height-default\" data-id=\"e94aedf\" data-element_type=\"section\" data-e-type=\"section\" data-settings=\"{&quot;jet_parallax_layout_list&quot;:[{&quot;jet_parallax_layout_image&quot;:{&quot;url&quot;:&quot;&quot;,&quot;id&quot;:&quot;&quot;,&quot;size&quot;:&quot;&quot;},&quot;_id&quot;:&quot;ab7a917&quot;,&quot;jet_parallax_layout_image_tablet&quot;:{&quot;url&quot;:&quot;&quot;,&quot;id&quot;:&quot;&quot;,&quot;size&quot;:&quot;&quot;},&quot;jet_parallax_layout_image_mobile&quot;:{&quot;url&quot;:&quot;&quot;,&quot;id&quot;:&quot;&quot;,&quot;size&quot;:&quot;&quot;},&quot;jet_parallax_layout_speed&quot;:{&quot;unit&quot;:&quot;%&quot;,&quot;size&quot;:50,&quot;sizes&quot;:[]},&quot;jet_parallax_layout_type&quot;:&quot;scroll&quot;,&quot;jet_parallax_layout_direction&quot;:&quot;1&quot;,&quot;jet_parallax_layout_fx_direction&quot;:null,&quot;jet_parallax_layout_z_index&quot;:&quot;&quot;,&quot;jet_parallax_layout_bg_x&quot;:50,&quot;jet_parallax_layout_bg_x_tablet&quot;:&quot;&quot;,&quot;jet_parallax_layout_bg_x_mobile&quot;:&quot;&quot;,&quot;jet_parallax_layout_bg_y&quot;:50,&quot;jet_parallax_layout_bg_y_tablet&quot;:&quot;&quot;,&quot;jet_parallax_layout_bg_y_mobile&quot;:&quot;&quot;,&quot;jet_parallax_layout_bg_size&quot;:&quot;auto&quot;,&quot;jet_parallax_layout_bg_size_tablet&quot;:&quot;&quot;,&quot;jet_parallax_layout_bg_size_mobile&quot;:&quot;&quot;,&quot;jet_parallax_layout_animation_prop&quot;:&quot;transform&quot;,&quot;jet_parallax_layout_on&quot;:[&quot;desktop&quot;,&quot;tablet&quot;]}]}\">\n\t\t\t\t\t\t<div class=\"elementor-container elementor-column-gap-default\">\n\t\t\t\t\t<div class=\"elementor-column elementor-col-100 elementor-top-column elementor-element elementor-element-93b4dc5\" data-id=\"93b4dc5\" data-element_type=\"column\" data-e-type=\"column\">\n\t\t\t<div class=\"elementor-widget-wrap elementor-element-populated\">\n\t\t\t\t\t\t<div class=\"elementor-element elementor-element-78253a0 elementor-widget-divider--view-line elementor-widget elementor-widget-divider\" data-id=\"78253a0\" data-element_type=\"widget\" data-e-type=\"widget\" data-widget_type=\"divider.default\">\n\t\t\t\t<div class=\"elementor-widget-container\">\n\t\t\t\t\t\t\t<div class=\"elementor-divider\">\n\t\t\t<span class=\"elementor-divider-separator\">\n\t\t\t\t\t\t<\/span>\n\t\t<\/div>\n\t\t\t\t\t\t<\/div>\n\t\t\t\t<\/div>\n\t\t\t\t\t<\/div>\n\t\t<\/div>\n\t\t\t\t\t<\/div>\n\t\t<\/section>\n\t\t\t\t<\/div>\n\t\t","protected":false},"excerpt":{"rendered":"<p>House rules House rules and museum regulations of Europ\u00e4isches Hansemuseum L\u00fcbeck gemeinn\u00fctzige GmbH We are delighted to welcome you to our museum and hope you &#8230;<br \/><a class=\"more-link\" href=\"https:\/\/www.hansemuseum.eu\/en\/house-rules\/\">Read More<\/a><\/p>\n","protected":false},"author":8,"featured_media":0,"parent":0,"menu_order":35,"comment_status":"closed","ping_status":"closed","template":"","meta":{"_acf_changed":false,"_exactmetrics_skip_tracking":false,"_exactmetrics_sitenote_active":false,"_exactmetrics_sitenote_note":"","_exactmetrics_sitenote_category":0,"footnotes":""},"tags":[],"class_list":["post-15078","page","type-page","status-publish","hentry"],"acf":[],"yoast_head":"<!-- This site is optimized with the Yoast SEO plugin v27.4 - https:\/\/yoast.com\/product\/yoast-seo-wordpress\/ -->\n<title>House rules - Europ\u00e4isches Hansemuseum<\/title>\n<meta name=\"robots\" content=\"index, follow, max-snippet:-1, max-image-preview:large, max-video-preview:-1\" \/>\n<link rel=\"canonical\" href=\"https:\/\/www.hansemuseum.eu\/en\/house-rules\/\" \/>\n<meta property=\"og:locale\" content=\"en_US\" \/>\n<meta property=\"og:type\" content=\"article\" \/>\n<meta property=\"og:title\" content=\"House rules - Europ\u00e4isches Hansemuseum\" \/>\n<meta property=\"og:description\" content=\"House rules House rules and museum regulations of Europ\u00e4isches Hansemuseum L\u00fcbeck gemeinn\u00fctzige GmbH We are delighted to welcome you to our museum and hope you ...Read More\" \/>\n<meta property=\"og:url\" content=\"https:\/\/www.hansemuseum.eu\/en\/house-rules\/\" \/>\n<meta property=\"og:site_name\" content=\"Europ\u00e4isches Hansemuseum\" \/>\n<meta property=\"article:publisher\" content=\"https:\/\/www.facebook.com\/hansemuseum\/\" \/>\n<meta name=\"twitter:card\" content=\"summary_large_image\" \/>\n<meta name=\"twitter:label1\" content=\"Est. reading time\" \/>\n\t<meta name=\"twitter:data1\" content=\"4 minutes\" \/>\n<script type=\"application\/ld+json\" class=\"yoast-schema-graph\">{\"@context\":\"https:\\\/\\\/schema.org\",\"@graph\":[{\"@type\":\"WebPage\",\"@id\":\"https:\\\/\\\/www.hansemuseum.eu\\\/en\\\/house-rules\\\/\",\"url\":\"https:\\\/\\\/www.hansemuseum.eu\\\/en\\\/house-rules\\\/\",\"name\":\"House rules - Europ\u00e4isches Hansemuseum\",\"isPartOf\":{\"@id\":\"https:\\\/\\\/www.hansemuseum.eu\\\/en\\\/#website\"},\"datePublished\":\"2021-12-02T08:57:03+00:00\",\"breadcrumb\":{\"@id\":\"https:\\\/\\\/www.hansemuseum.eu\\\/en\\\/house-rules\\\/#breadcrumb\"},\"inLanguage\":\"en-US\",\"potentialAction\":[{\"@type\":\"ReadAction\",\"target\":[\"https:\\\/\\\/www.hansemuseum.eu\\\/en\\\/house-rules\\\/\"]}]},{\"@type\":\"BreadcrumbList\",\"@id\":\"https:\\\/\\\/www.hansemuseum.eu\\\/en\\\/house-rules\\\/#breadcrumb\",\"itemListElement\":[{\"@type\":\"ListItem\",\"position\":1,\"name\":\"Startseite\",\"item\":\"https:\\\/\\\/www.hansemuseum.eu\\\/en\\\/\"},{\"@type\":\"ListItem\",\"position\":2,\"name\":\"House rules\"}]},{\"@type\":\"WebSite\",\"@id\":\"https:\\\/\\\/www.hansemuseum.eu\\\/en\\\/#website\",\"url\":\"https:\\\/\\\/www.hansemuseum.eu\\\/en\\\/\",\"name\":\"Europ\u00e4isches Hansemuseum\",\"description\":\"Auf dieser Seite finden Sie Informationen zu Preisen, Sprachen, F\u00fchrungen und Barrierefreiheit im Europ\u00e4ischen Hansemuseum. Wir freuen uns auf Ihren Besuch.\",\"potentialAction\":[{\"@type\":\"SearchAction\",\"target\":{\"@type\":\"EntryPoint\",\"urlTemplate\":\"https:\\\/\\\/www.hansemuseum.eu\\\/en\\\/?s={search_term_string}\"},\"query-input\":{\"@type\":\"PropertyValueSpecification\",\"valueRequired\":true,\"valueName\":\"search_term_string\"}}],\"inLanguage\":\"en-US\"}]}<\/script>\n<!-- \/ Yoast SEO plugin. -->","yoast_head_json":{"title":"House rules - Europ\u00e4isches Hansemuseum","robots":{"index":"index","follow":"follow","max-snippet":"max-snippet:-1","max-image-preview":"max-image-preview:large","max-video-preview":"max-video-preview:-1"},"canonical":"https:\/\/www.hansemuseum.eu\/en\/house-rules\/","og_locale":"en_US","og_type":"article","og_title":"House rules - Europ\u00e4isches Hansemuseum","og_description":"House rules House rules and museum regulations of Europ\u00e4isches Hansemuseum L\u00fcbeck gemeinn\u00fctzige GmbH We are delighted to welcome you to our museum and hope you ...Read More","og_url":"https:\/\/www.hansemuseum.eu\/en\/house-rules\/","og_site_name":"Europ\u00e4isches Hansemuseum","article_publisher":"https:\/\/www.facebook.com\/hansemuseum\/","twitter_card":"summary_large_image","twitter_misc":{"Est. reading time":"4 minutes"},"schema":{"@context":"https:\/\/schema.org","@graph":[{"@type":"WebPage","@id":"https:\/\/www.hansemuseum.eu\/en\/house-rules\/","url":"https:\/\/www.hansemuseum.eu\/en\/house-rules\/","name":"House rules - Europ\u00e4isches Hansemuseum","isPartOf":{"@id":"https:\/\/www.hansemuseum.eu\/en\/#website"},"datePublished":"2021-12-02T08:57:03+00:00","breadcrumb":{"@id":"https:\/\/www.hansemuseum.eu\/en\/house-rules\/#breadcrumb"},"inLanguage":"en-US","potentialAction":[{"@type":"ReadAction","target":["https:\/\/www.hansemuseum.eu\/en\/house-rules\/"]}]},{"@type":"BreadcrumbList","@id":"https:\/\/www.hansemuseum.eu\/en\/house-rules\/#breadcrumb","itemListElement":[{"@type":"ListItem","position":1,"name":"Startseite","item":"https:\/\/www.hansemuseum.eu\/en\/"},{"@type":"ListItem","position":2,"name":"House rules"}]},{"@type":"WebSite","@id":"https:\/\/www.hansemuseum.eu\/en\/#website","url":"https:\/\/www.hansemuseum.eu\/en\/","name":"Europ\u00e4isches Hansemuseum","description":"Auf dieser Seite finden Sie Informationen zu Preisen, Sprachen, F\u00fchrungen und Barrierefreiheit im Europ\u00e4ischen Hansemuseum. Wir freuen uns auf Ihren Besuch.","potentialAction":[{"@type":"SearchAction","target":{"@type":"EntryPoint","urlTemplate":"https:\/\/www.hansemuseum.eu\/en\/?s={search_term_string}"},"query-input":{"@type":"PropertyValueSpecification","valueRequired":true,"valueName":"search_term_string"}}],"inLanguage":"en-US"}]}},"_links":{"self":[{"href":"https:\/\/www.hansemuseum.eu\/en\/wp-json\/wp\/v2\/pages\/15078","targetHints":{"allow":["GET"]}}],"collection":[{"href":"https:\/\/www.hansemuseum.eu\/en\/wp-json\/wp\/v2\/pages"}],"about":[{"href":"https:\/\/www.hansemuseum.eu\/en\/wp-json\/wp\/v2\/types\/page"}],"author":[{"embeddable":true,"href":"https:\/\/www.hansemuseum.eu\/en\/wp-json\/wp\/v2\/users\/8"}],"replies":[{"embeddable":true,"href":"https:\/\/www.hansemuseum.eu\/en\/wp-json\/wp\/v2\/comments?post=15078"}],"version-history":[{"count":0,"href":"https:\/\/www.hansemuseum.eu\/en\/wp-json\/wp\/v2\/pages\/15078\/revisions"}],"wp:attachment":[{"href":"https:\/\/www.hansemuseum.eu\/en\/wp-json\/wp\/v2\/media?parent=15078"}],"wp:term":[{"taxonomy":"post_tag","embeddable":true,"href":"https:\/\/www.hansemuseum.eu\/en\/wp-json\/wp\/v2\/tags?post=15078"}],"curies":[{"name":"wp","href":"https:\/\/api.w.org\/{rel}","templated":true}]}}